{"id":8018,"date":"2022-06-28T06:51:36","date_gmt":"2022-06-28T06:51:36","guid":{"rendered":"https:\/\/www.grapat.eu\/?page_id=8018"},"modified":"2022-07-13T08:22:53","modified_gmt":"2022-07-13T08:22:53","slug":"aviso-legal","status":"publish","type":"page","link":"https:\/\/www.grapat.eu\/es\/aviso-legal\/","title":{"rendered":"Aviso legal"},"content":{"rendered":"\t\t<div data-elementor-type=\"wp-page\" data-elementor-id=\"8018\" class=\"elementor elementor-8018 elementor-8010\">\n\t\t\t\t\t\t<section class=\"elementor-section elementor-top-section elementor-element elementor-element-6c008177 elementor-section-boxed elementor-section-height-default elementor-section-height-default\" data-id=\"6c008177\" data-element_type=\"section\" data-e-type=\"section\">\n\t\t\t\t\t\t<div class=\"elementor-container elementor-column-gap-default\">\n\t\t\t\t\t<div class=\"elementor-column elementor-col-100 elementor-top-column elementor-element elementor-element-6de10dec\" data-id=\"6de10dec\" data-element_type=\"column\" data-e-type=\"column\">\n\t\t\t<div class=\"elementor-widget-wrap elementor-element-populated\">\n\t\t\t\t\t\t<div class=\"elementor-element elementor-element-41fceb3c elementor-widget elementor-widget-text-editor\" data-id=\"41fceb3c\" data-element_type=\"widget\" data-e-type=\"widget\" data-widget_type=\"text-editor.default\">\n\t\t\t\t\t\t\t\t\t<div class=\"column mcb-column one column_column\"><div class=\"column_attr clearfix\"><div class=\"column mcb-column one column_column\"><div class=\"column_attr clearfix\"><div id=\"Content\"><div class=\"content_wrapper clearfix\"><div class=\"sections_group\"><div class=\"entry-content\"><div class=\"section mcb-section \"><div class=\"section_wrapper mcb-section-inner\"><div class=\"wrap mcb-wrap one valign-top clearfix\"><div class=\"mcb-wrap-inner\"><div class=\"column mcb-column one column_column\"><div class=\"column_attr clearfix\"><h4>INFORMACI\u00d3 GENERAL<\/h4><p>Les condicions seg\u00fcents regulen la informaci\u00f3 i l\u2019\u00fas perm\u00e8s del lloc web amb URL https:\/\/www.grapat.eu\/ (des d\u2019ara \u201cel Web\u201d), que JOGUINES GRAPAT,S.L. d\u2019ara endavant LA SOCIETAT, amb domicili social en carrer Col\u00f3n, 75 CP: 17761 Cabanes-Girona amb CIF B55290415, i inscrita al Registre Mercantil de Girona, amb n\u00famero d\u2019inscripci\u00f3 GI-62030, tomo 3142 , full 142, d\u2019acord amb la Llei 34\/2002, d\u201911 de juliol, de Serveis de la Societat de la Informaci\u00f3 i de Comer\u00e7 Electr\u00f2nic, posa a la disposici\u00f3 dels usuaris d\u2019Internet. El Web ha estat creat i dissenyat amb la finalitat de donar a con\u00e8ixer tota la informaci\u00f3 i noticies relatives als productes que distribueix aquesta SOCIETAT.<\/p><p>\u00a0<\/p><\/div><\/div><div class=\"column mcb-column one column_column\"><div class=\"column_attr clearfix\"><h4>CONDICIONS GENERALS<\/h4><p>Aquestes condicions generals tenen per objecte regular l\u2019acc\u00e9s i la utilitzaci\u00f3 del Web que la SOCIETAT posa gratu\u00eftament a la disposici\u00f3 general dels usuaris d\u2019Internet, excepte en el relatiu al cost de la connexi\u00f3 a trav\u00e9s de la xarxa de telecomunicacions subministrada pel prove\u00efdor d\u2019acc\u00e9s contractat per l\u2019usuari d\u2019Internet. L\u2019acc\u00e9s al Web i la navegaci\u00f3 pel mateix implica l\u2019acceptaci\u00f3, sense reserves, de totes les condicions incloses en aquest document.<\/p><p>\u00a0<\/p><\/div><\/div><div class=\"column mcb-column one column_column\"><div class=\"column_attr clearfix\"><h4>CONDICIONS D\u2019\u00daS<\/h4><p>L\u2019usuari d\u2019Internet s\u2019obliga a fer un \u00fas correcte del Web de conformitat amb la legislaci\u00f3 espanyola i europea vigent i amb les condicions incloses en aquest document. L\u2019usuari d\u2019Internet respondr\u00e0 davant de la SOCIETAT o d\u2019altres tercers, per qualssevol dany i\/o perjudici que pogu\u00e9s causar-se com a conseq\u00fc\u00e8ncia de l\u2019incompliment d\u2019aquestes obligacions. Queda expressament prohibit l\u2019\u00fas del Web amb finalitats lesives de b\u00e9ns o interessos de la SOCIETAT o d\u2019altres tercers o que de qualsevol altra forma sobrecarreguin, danyin o inutilitzin les xarxes, servidors i altres equips inform\u00e0tics (maquinari) o productes i aplicacions inform\u00e0tiques (programari) de la SOCIETAT o d\u2019altres tercers. La SOCIETAT es reserva la facultat d\u2019efectuar, en qualsevol moment i sense necessitat de previ av\u00eds, modificacions i actualitzacions de la informaci\u00f3 continguda al Web, de la configuraci\u00f3 i presentaci\u00f3 d\u2019aquest i de les Condicions d\u2019\u00fas. La prestaci\u00f3 del servei del Web t\u00e9 una durada limitada al moment en el qual l\u2019usuari d\u2019Internet es trobi connectat al mateix o a algun dels serveis que a trav\u00e9s d\u2019aquest es facilitin. Per aix\u00f2 es recomana que els usuaris d\u2019Internet llegeixin atenta i detingudament aquestes Condicions d\u2019\u00fas en cadascuna de les ocasions en qu\u00e8 es proposin entrar i fer \u00fas del Web, ja que aquestes poden estar subjectes a modificacions. La SOCIETAT no garanteix la inexist\u00e8ncia d\u2019interrupcions o errors en l\u2019acc\u00e9s al Web o al seu contingut, ni que aquest es trobi actualitzat. La SOCIETAT dur\u00e0 a terme, sempre que no impliqui causes que ho facin impossible o de dif\u00edcil execuci\u00f3, i tan aviat tingui not\u00edcia dels errors, desconnexions o falta d\u2019actualitzaci\u00f3 en els continguts, totes aquelles tasques necess\u00e0ries per resoldre els errors, restablir la comunicaci\u00f3 i actualitzar els continguts. Tant l\u2019acc\u00e9s al Web com l\u2019\u00fas no autoritzat que pugui efectuar-se de la informaci\u00f3 continguda en el mateix \u00e9s responsabilitat exclusiva de qui ho realitza. La SOCIETAT no respondr\u00e0 de cap conseq\u00fc\u00e8ncia, dany o perjudici que poguessin derivar-se d\u2019aquest acc\u00e9s o \u00fas. La SOCIETAT no es fa responsable dels errors de seguretat, que es puguin produir ni dels danys que puguin produir-se en el sistema inform\u00e0tic de l\u2019usuari d\u2019Internet (maquinari i programari), o als fitxers o documents emmagatzemats en el mateix, com a conseq\u00fc\u00e8ncia: de la pres\u00e8ncia d\u2019un programari malici\u00f3s en l\u2019ordinador de l\u2019usuari d\u2019Internet que sigui utilitzat per a la connexi\u00f3 als continguts del Web, d\u2019un mal funcionament del navegador o de l\u2019\u00fas de versions no actualitzades del navegador. La SOCIETAT no assumeix cap responsabilitat derivada dels continguts enlla\u00e7ats des del Web, sempre que siguin aliens al mateix, ni garanteix l\u2019abs\u00e8ncia de programari malici\u00f3s o altres elements en els mateixos que puguin produir alteracions en el sistema inform\u00e0tic (maquinari i programari), en els documents o en els fitxers de l\u2019usuari d\u2019Internet, excloent qualsevol responsabilitat pels danys de qualsevol tipus causats per aquest motiu. Si qualsevol usuari d\u2019Internet consider\u00e9s que el contingut o els serveis prestats pels llocs webs enlla\u00e7ats s\u00f3n il\u00b7l\u00edcits o lesionen b\u00e9ns o drets del propi usuari d\u2019Internet o d\u2019un tercer susceptibles d\u2019indemnitzaci\u00f3 i que en particular, consisteixin en: \u00b7 activitats o continguts que violin drets de propietat intel\u00b7lectual o industrial, \u00b7 activitats o continguts que posin en perill la protecci\u00f3 de la salut p\u00fablica, el respecte a la dignitat de la persona i al principi de no discriminaci\u00f3 i la protecci\u00f3 de la salut i la inf\u00e0ncia, haur\u00e0 de notificar-ho, amb les observacions o il\u00b7l\u00edcits observats pel mateix.<\/p><p>\u00a0<\/p><\/div><\/div><div class=\"column mcb-column one column_column\"><div class=\"column_attr clearfix\"><h4>PROCEDIMENT EN CAS DE REALITZACI\u00d3 D\u2019ACTIVITATS DE CAR\u00c0CTER IL\u00b7L\u00cdCIT<\/h4><p>Si un usuari d\u2019Internet considera que existeixen fets o circumst\u00e0ncies que revelin el car\u00e0cter il\u00b7l\u00edcit de la utilitzaci\u00f3 de qualsevol contingut i\/o de la realitzaci\u00f3 de qualsevol activitat al Web, i en particular, de la violaci\u00f3 de drets de propietat intel\u00b7lectual o industrial (patents, models i dibuixos industrials, marques i noms comercials, etc.) o altres drets, haur\u00e0 d\u2019enviar una notificaci\u00f3 a la SOCIETAT amb el seg\u00fcent contingut: \u00b7 dades de la persona o entitat que fa la reclamaci\u00f3: nom, adre\u00e7a, tel\u00e8fon i adre\u00e7a de correu electr\u00f2nic, \u00b7 descripci\u00f3 de la suposada activitat il\u00b7l\u00edcita duta a terme al Web i, en particular, quan es tracti d\u2019una suposada violaci\u00f3 de drets, la indicaci\u00f3 precisa i concreta dels continguts protegits aix\u00ed com de la seva localitzaci\u00f3 al Web, \u00b7 fets o circumst\u00e0ncies que revelen el car\u00e0cter il\u00b7l\u00edcit d\u2019aquesta activitat, \u00b7 en el sup\u00f2sit de violaci\u00f3 de drets, signatura manuscrita o equivalent, amb les dades personals del titular dels drets suposadament infringits o de la persona autoritzada per actuar en nom i per compte d\u2019aquesta, \u00b7 declaraci\u00f3 expressa, clara i sota la responsabilitat de la persona o entitat que fa la reclamaci\u00f3 que la informaci\u00f3 proporcionada en la notificaci\u00f3 \u00e9s exacta i del car\u00e0cter il\u00b7l\u00edcit de la utilitzaci\u00f3 dels continguts o de la realitzaci\u00f3 de les activitats descrites. Dades de contacte de la SOCIETAT Es posa a la disposici\u00f3 dels usuaris d\u2019Internet la seg\u00fcent informaci\u00f3 per poder adre\u00e7ar les seves peticions, q\u00fcestions i queixes: Nom: JOGUINES GRAPAT, SL. Direcci\u00f3 postal: C\/ Col\u00f3n,75; CP 17761,Cabanes-Girona Correu electr\u00f2nic: hola@grapat.eu Tel\u00e8fon: 972 509 173<\/p><p>\u00a0<\/p><\/div><\/div><div class=\"column mcb-column one column_column\"><div class=\"column_attr clearfix\"><h4>DADES FACILITADES PER L\u2019USUARI D\u2019INTERNET<\/h4><p>Amb car\u00e0cter general l\u2019acc\u00e9s al Web no exigeix la pr\u00e8via subscripci\u00f3 o registre dels usuaris d\u2019Internet. Tota la informaci\u00f3 que faciliti l\u2019usuari d\u2019Internet mitjan\u00e7ant els formularis de dades del Web haur\u00e0 de ser vera\u00e7 i aquest ha de garantir l\u2019autenticitat de totes aquelles dades que ha facilitat a La SOCIETAT per aquest mitj\u00e0. D\u2019igual forma, ser\u00e0 responsabilitat de l\u2019usuari d\u2019Internet mantenir tota la informaci\u00f3 facilitada a la SOCIETAT permanentment actualitzada de manera que respongui, en cada moment, a la situaci\u00f3 real de l\u2019usuari d\u2019Internet. En tot cas l\u2019usuari d\u2019Internet ser\u00e0 l\u2019\u00fanic responsable de la informaci\u00f3 falsa o inexacta que realitzi i dels perjudicis que pugui causar a la SOCIETAT o a tercers per la informaci\u00f3 facilitada.<\/p><p>\u00a0<\/p><\/div><\/div><div class=\"column mcb-column one column_column\"><div class=\"column_attr clearfix\"><h4>EN XARXES SOCIALS<\/h4><p>La SOCIETAT disposa de perfils en diferents xarxes socials, per tant hem d\u2019advertir a l\u2019usuari que totes aquelles dades que publiqui en aquests perfils seran vistos per tots aquells usuaris que interactu\u00efn o consultin amb aquests perfils, tinguin aquests o no el seu propi perfil a la xarxa social, ja que tots els perfils de la SOCIETAT s\u00f3n p\u00fablics. En conseq\u00fc\u00e8ncia, tota la informaci\u00f3 i continguts publicats per l\u2019usuari en els perfils de la SOCIETAT ser\u00e0 objecte de comunicaci\u00f3 a la resta d\u2019usuaris per la pr\u00f2pia naturalesa del servei. Li recomanem que consulti les Pol\u00edtiques de Privacitat de les xarxes socials abans d\u2019utilitzar aquests serveis. En el cas que l\u2019usuari envi\u00ef informaci\u00f3 de qualsevol tipus a la SOCIETAT, sobretot en el cas de dades de tercers, a trav\u00e9s de les xarxes socials, aquest declara i garanteix que est\u00e0 legitimat a enviar aquesta informaci\u00f3 i que no infringeix cap dret de propietat intel\u00b7lectual, de marca, de patent, secret comercial, o qualsevol altre dret de tercer, que la informaci\u00f3 no t\u00e9 car\u00e0cter confidencial i que no danya o of\u00e8n a tercers. La SOCIETAT nom\u00e9s es responsable i garanteix la confidencialitat, seguretat i tractament de les dades conforme la legislaci\u00f3 vigent, respecte a les dades recollides directament de l\u2019usuari, no tenint cap mena de responsabilitat respecte als tractaments i posteriors usos que la xarxa social pogu\u00e9s efectuar.<\/p><p>\u00a0<\/p><\/div><\/div><div class=\"column mcb-column one column_column\"><div class=\"column_attr clearfix\"><h4>ENLLA\u00c7OS<\/h4><p>L\u2019establiment d\u2019un enlla\u00e7 al Web, implica l\u2019exist\u00e8ncia de relacions passades o presents entre la SOCIETAT i el propietari del lloc web on s\u2019estableixi, no implica per part de la SOCIETAT ni l\u2019acceptaci\u00f3 ni l\u2019aprovaci\u00f3 dels seus continguts o serveis. Queda expressament prohibit qualsevol altre aprofitament dels continguts del Web, a favor de tercers no autoritzats. La SOCIETAT no assumeix cap responsabilitat per la informaci\u00f3 continguda en webs de tercers als quals es pugui accedir per enlla\u00e7os o cercadors des del Web.<\/p><p>\u00a0<\/p><\/div><\/div><div class=\"column mcb-column one column_column\"><div class=\"column_attr clearfix\"><h4>PROPIETAT INTEL\u00b7LECTUAL I INDUSTRIAL<\/h4><p>Els drets de propietat intel\u00b7lectual, tant dels productes com ara dels elements que composen aquest Web s\u00f3n titularitat de La SOCIETAT a qui correspon l\u2019exercici exclusiu dels drets d\u2019explotaci\u00f3 que inclouen la reproducci\u00f3, la distribuci\u00f3, la comunicaci\u00f3 p\u00fablica i la transformaci\u00f3. A t\u00edtol enunciatiu aquests drets inclouen el programari, el codi font, el disseny gr\u00e0fic, l\u2019estructura de navegaci\u00f3, les bases de dades, els textos, les fotografies i imatges, en general tots els continguts i elements que cont\u00e9 i els productes oferts. De la mateixa manera, les marques, noms comercials o signes distintius s\u00f3n titularitat exclusiva de la SOCIETAT o si escau, d\u2019altres tercers, tret que s\u2019especifiqui el contrari. La SOCIETAT \u00e9s titular dels drets de propietat intel\u00b7lectual que fan refer\u00e8ncia als seus productes i serveis, respecte a les cites de tercers. Queda expressament prohibida la cessi\u00f3 dels drets de propietat intel\u00b7lectual sobre el Web. En concret, est\u00e0 prohibida la reproducci\u00f3, transformaci\u00f3, distribuci\u00f3, comunicaci\u00f3 p\u00fablica, posar a disposici\u00f3, extracci\u00f3, reutilitzaci\u00f3, o la utilitzaci\u00f3 de qualsevol naturalesa, per qualsevol mitj\u00e0 o procediment, de qualsevol d\u2019ells, excepte en els casos que estigui legalment perm\u00e8s, \u00e9s a dir autoritzat pel titular dels corresponents drets. La utilitzaci\u00f3 no autoritzada de la informaci\u00f3 continguda al Web, la seva revenda, aix\u00ed com la lesi\u00f3 dels drets de Propietat Intel\u00b7lectual de la SOCIETAT donar\u00e0 lloc a les responsabilitats legalment establertes. Els usuaris d\u2019Internet hauran de respectar tots els drets de propietat intel\u00b7lectual i industrial sobre el Web. No obstant aix\u00f2, els usuaris d\u2019Internet podran visualitzar i obtenir una c\u00f2pia privada temporal dels continguts per al seu \u00fas exclusiu personal i privat en els seus sistemes inform\u00e0tics (programari i maquinari), sempre que no sigui amb la finalitat de desenvolupar activitats de car\u00e0cter comercial o professional, aix\u00ed com la seva distribuci\u00f3, modificaci\u00f3, alteraci\u00f3 o descompilaci\u00f3. La infracci\u00f3 de qualsevol dels drets citats pot constituir una vulneraci\u00f3 de les presents condicions, aix\u00ed com un delicte contingut en el Codi Penal.<\/p><p>\u00a0<\/p><\/div><\/div><div class=\"column mcb-column one column_column\"><div class=\"column_attr clearfix\"><h4>PROTECCI\u00d3 DE DADES PERSONALS<\/h4><p>Tota la informaci\u00f3 referent al tractament i la protecci\u00f3 de les dades personals, que ens s\u00f3n facilitades, es troba en la nostra Pol\u00edtica de Privacitat. La p\u00e0gina principal del Web disposa d\u2019un enlla\u00e7 per poder accedir al contingut d\u2019aquesta Pol\u00edtica de Privacitat. Tamb\u00e9 es poden consultar dubtes a hola@grapat.eu.<\/p><p>\u00a0<\/p><\/div><\/div><div class=\"column mcb-column one column_column\"><div class=\"column_attr clearfix\"><h4>COOKIES<\/h4><p>Tota la informaci\u00f3 sobre les cookies en general i sobre les quals s\u2019utilitzen al Web en particular es troba en la nostra Pol\u00edtica de cookies. La p\u00e0gina principal del Web disposa d\u2019un enlla\u00e7 per poder accedir al contingut de la Pol\u00edtica de cookies.<\/p><p>\u00a0<\/p><\/div><\/div><div class=\"column mcb-column one column_column\"><div class=\"column_attr clearfix\"><h4>JURISDICCI\u00d3<\/h4><p>Les presents condicions s\u2019interpretaran conforme a la legislaci\u00f3 vigent espanyola i europea en la mat\u00e8ria, que s\u2019aplicar\u00e0 subsidi\u00e0riament en tot el que no s\u2019hagi previst en les mateixes. Per a la resoluci\u00f3 de totes les controv\u00e8rsies o q\u00fcestions relacionades amb el Web o de les activitats en ell desenvolupades, ser\u00e0 aplicable la legislaci\u00f3 espanyola i europea vigent, a la qual se sotmeten expressament la SOCIETAT i els usuaris d\u2019Internet, amb ren\u00fancia expressa a qualsevol altre fur, sent competents per a la resoluci\u00f3 de tots els conflictes derivats o relacionats amb el seu \u00fas els Jutjats i Tribunals de Girona. Av\u00eds Legal Pol\u00edtica de Privacitat Pol\u00edtica de Cookies<\/p><\/div><\/div><\/div><\/div><\/div><\/div><div class=\"section the_content no_content\"><div class=\"section_wrapper\"><div class=\"the_content_wrapper \">\u00a0<\/div><\/div><\/div><div class=\"section section-page-footer\"><div class=\"section_wrapper clearfix\"><div class=\"column one page-pager\">\u00a0<\/div><\/div><\/div><\/div><\/div><\/div><\/div><footer id=\"Footer\" class=\"clearfix \"><div class=\"widgets_wrapper \"><div class=\"container\"><div class=\"column one-fourth\">\u00a0<\/div><\/div><\/div><\/footer><\/div><\/div><\/div><\/div>\t\t\t\t\t\t\t\t<\/div>\n\t\t\t\t\t<\/div>\n\t\t<\/div>\n\t\t\t\t\t<\/div>\n\t\t<\/section>\n\t\t\t\t<\/div>\n\t\t","protected":false},"excerpt":{"rendered":"","protected":false},"author":1,"featured_media":0,"parent":0,"menu_order":0,"comment_status":"closed","ping_status":"closed","template":"","meta":{"footnotes":""},"class_list":["post-8018","page","type-page","status-publish","hentry"],"acf":[],"yoast_head":"<!-- This site is optimized with the Yoast SEO plugin v27.4 - https:\/\/yoast.com\/product\/yoast-seo-wordpress\/ -->\n<title>Aviso legal - Grapat<\/title>\n<meta name=\"robots\" content=\"index, follow, max-snippet:-1, max-image-preview:large, max-video-preview:-1\" \/>\n<link rel=\"canonical\" href=\"https:\/\/www.grapat.eu\/es\/aviso-legal\/\" \/>\n<meta property=\"og:locale\" content=\"es_ES\" \/>\n<meta property=\"og:type\" content=\"article\" \/>\n<meta property=\"og:title\" content=\"Aviso legal - Grapat\" \/>\n<meta property=\"og:url\" content=\"https:\/\/www.grapat.eu\/es\/aviso-legal\/\" \/>\n<meta property=\"og:site_name\" content=\"Grapat\" \/>\n<meta property=\"article:modified_time\" content=\"2022-07-13T08:22:53+00:00\" \/>\n<meta name=\"twitter:card\" content=\"summary_large_image\" \/>\n<script type=\"application\/ld+json\" class=\"yoast-schema-graph\">{\"@context\":\"https:\\\/\\\/schema.org\",\"@graph\":[{\"@type\":\"WebPage\",\"@id\":\"https:\\\/\\\/www.grapat.eu\\\/es\\\/aviso-legal\\\/\",\"url\":\"https:\\\/\\\/www.grapat.eu\\\/es\\\/aviso-legal\\\/\",\"name\":\"Aviso legal - Grapat\",\"isPartOf\":{\"@id\":\"https:\\\/\\\/www.grapat.eu\\\/es\\\/#website\"},\"datePublished\":\"2022-06-28T06:51:36+00:00\",\"dateModified\":\"2022-07-13T08:22:53+00:00\",\"inLanguage\":\"es\",\"potentialAction\":[{\"@type\":\"ReadAction\",\"target\":[\"https:\\\/\\\/www.grapat.eu\\\/es\\\/aviso-legal\\\/\"]}]},{\"@type\":\"WebSite\",\"@id\":\"https:\\\/\\\/www.grapat.eu\\\/es\\\/#website\",\"url\":\"https:\\\/\\\/www.grapat.eu\\\/es\\\/\",\"name\":\"Grapat\",\"description\":\"Joguines\",\"potentialAction\":[{\"@type\":\"SearchAction\",\"target\":{\"@type\":\"EntryPoint\",\"urlTemplate\":\"https:\\\/\\\/www.grapat.eu\\\/es\\\/?s={search_term_string}\"},\"query-input\":{\"@type\":\"PropertyValueSpecification\",\"valueRequired\":true,\"valueName\":\"search_term_string\"}}],\"inLanguage\":\"es\"}]}<\/script>\n<!-- \/ Yoast SEO plugin. -->","yoast_head_json":{"title":"Aviso legal - Grapat","robots":{"index":"index","follow":"follow","max-snippet":"max-snippet:-1","max-image-preview":"max-image-preview:large","max-video-preview":"max-video-preview:-1"},"canonical":"https:\/\/www.grapat.eu\/es\/aviso-legal\/","og_locale":"es_ES","og_type":"article","og_title":"Aviso legal - Grapat","og_url":"https:\/\/www.grapat.eu\/es\/aviso-legal\/","og_site_name":"Grapat","article_modified_time":"2022-07-13T08:22:53+00:00","twitter_card":"summary_large_image","schema":{"@context":"https:\/\/schema.org","@graph":[{"@type":"WebPage","@id":"https:\/\/www.grapat.eu\/es\/aviso-legal\/","url":"https:\/\/www.grapat.eu\/es\/aviso-legal\/","name":"Aviso legal - Grapat","isPartOf":{"@id":"https:\/\/www.grapat.eu\/es\/#website"},"datePublished":"2022-06-28T06:51:36+00:00","dateModified":"2022-07-13T08:22:53+00:00","inLanguage":"es","potentialAction":[{"@type":"ReadAction","target":["https:\/\/www.grapat.eu\/es\/aviso-legal\/"]}]},{"@type":"WebSite","@id":"https:\/\/www.grapat.eu\/es\/#website","url":"https:\/\/www.grapat.eu\/es\/","name":"Grapat","description":"Joguines","potentialAction":[{"@type":"SearchAction","target":{"@type":"EntryPoint","urlTemplate":"https:\/\/www.grapat.eu\/es\/?s={search_term_string}"},"query-input":{"@type":"PropertyValueSpecification","valueRequired":true,"valueName":"search_term_string"}}],"inLanguage":"es"}]}},"_links":{"self":[{"href":"https:\/\/www.grapat.eu\/es\/wp-json\/wp\/v2\/pages\/8018","targetHints":{"allow":["GET"]}}],"collection":[{"href":"https:\/\/www.grapat.eu\/es\/wp-json\/wp\/v2\/pages"}],"about":[{"href":"https:\/\/www.grapat.eu\/es\/wp-json\/wp\/v2\/types\/page"}],"author":[{"embeddable":true,"href":"https:\/\/www.grapat.eu\/es\/wp-json\/wp\/v2\/users\/1"}],"replies":[{"embeddable":true,"href":"https:\/\/www.grapat.eu\/es\/wp-json\/wp\/v2\/comments?post=8018"}],"version-history":[{"count":2,"href":"https:\/\/www.grapat.eu\/es\/wp-json\/wp\/v2\/pages\/8018\/revisions"}],"predecessor-version":[{"id":8020,"href":"https:\/\/www.grapat.eu\/es\/wp-json\/wp\/v2\/pages\/8018\/revisions\/8020"}],"wp:attachment":[{"href":"https:\/\/www.grapat.eu\/es\/wp-json\/wp\/v2\/media?parent=8018"}],"curies":[{"name":"wp","href":"https:\/\/api.w.org\/{rel}","templated":true}]}}