{"id":8046,"date":"2022-03-29T14:30:35","date_gmt":"2022-03-29T14:30:35","guid":{"rendered":"https:\/\/www.grapat.eu\/?page_id=8046"},"modified":"2022-09-20T14:38:56","modified_gmt":"2022-09-20T14:38:56","slug":"descarregues","status":"publish","type":"page","link":"https:\/\/www.grapat.eu\/ca\/descarregues\/","title":{"rendered":"Desc\u00e0rregues"},"content":{"rendered":"\t\t<div data-elementor-type=\"wp-page\" data-elementor-id=\"8046\" class=\"elementor elementor-8046 elementor-58\">\n\t\t\t\t\t\t<section class=\"elementor-section elementor-top-section elementor-element elementor-element-0b4be2a elementor-section-boxed elementor-section-height-default elementor-section-height-default\" data-id=\"0b4be2a\" data-element_type=\"section\" data-e-type=\"section\" data-settings=\"{&quot;background_background&quot;:&quot;classic&quot;}\">\n\t\t\t\t\t\t<div class=\"elementor-container elementor-column-gap-default\">\n\t\t\t\t\t<div class=\"elementor-column elementor-col-100 elementor-top-column elementor-element elementor-element-f91d177\" data-id=\"f91d177\" data-element_type=\"column\" data-e-type=\"column\">\n\t\t\t<div class=\"elementor-widget-wrap elementor-element-populated\">\n\t\t\t\t\t\t<div class=\"elementor-element elementor-element-4baf27f elementor-widget elementor-widget-image\" data-id=\"4baf27f\" data-element_type=\"widget\" data-e-type=\"widget\" data-widget_type=\"image.default\">\n\t\t\t\t\t\t\t\t\t\t\t\t\t\t\t<img fetchpriority=\"high\" decoding=\"async\" width=\"1685\" height=\"823\" src=\"https:\/\/www.grapat.eu\/app\/uploads\/2022\/07\/downloads.svg\" class=\"attachment-full size-full wp-image-7877\" alt=\"\" \/>\t\t\t\t\t\t\t\t\t\t\t\t\t\t\t<\/div>\n\t\t\t\t\t<\/div>\n\t\t<\/div>\n\t\t\t\t\t<\/div>\n\t\t<\/section>\n\t\t\t\t<section class=\"elementor-section elementor-top-section elementor-element elementor-element-b8807ad elementor-section-boxed elementor-section-height-default elementor-section-height-default\" data-id=\"b8807ad\" data-element_type=\"section\" data-e-type=\"section\">\n\t\t\t\t\t\t<div class=\"elementor-container elementor-column-gap-default\">\n\t\t\t\t\t<div class=\"elementor-column elementor-col-50 elementor-top-column elementor-element elementor-element-591b847\" data-id=\"591b847\" data-element_type=\"column\" data-e-type=\"column\">\n\t\t\t<div class=\"elementor-widget-wrap elementor-element-populated\">\n\t\t\t\t\t\t<div class=\"elementor-element elementor-element-c4ecc3e elementor-widget elementor-widget-text-editor\" data-id=\"c4ecc3e\" data-element_type=\"widget\" data-e-type=\"widget\" data-widget_type=\"text-editor.default\">\n\t\t\t\t\t\t\t\t\t<p>Aquest \u00e9s lloc on trobar tots els fitxers descarregables com les instruccions per jugar, cat\u00e0legs i tota mena de coses de Grapat&#8230;<\/p><p>Gaudeix-ho!<\/p>\t\t\t\t\t\t\t\t<\/div>\n\t\t\t\t\t<\/div>\n\t\t<\/div>\n\t\t\t\t<div class=\"elementor-column elementor-col-50 elementor-top-column elementor-element elementor-element-e95a6a1\" data-id=\"e95a6a1\" data-element_type=\"column\" data-e-type=\"column\">\n\t\t\t<div class=\"elementor-widget-wrap\">\n\t\t\t\t\t\t\t<\/div>\n\t\t<\/div>\n\t\t\t\t\t<\/div>\n\t\t<\/section>\n\t\t\t\t<section class=\"elementor-section elementor-top-section elementor-element elementor-element-264ffe8 elementor-section-boxed elementor-section-height-default elementor-section-height-default\" data-id=\"264ffe8\" data-element_type=\"section\" data-e-type=\"section\">\n\t\t\t\t\t\t<div class=\"elementor-container elementor-column-gap-default\">\n\t\t\t\t\t<div class=\"elementor-column elementor-col-100 elementor-top-column elementor-element elementor-element-c1c13a6\" data-id=\"c1c13a6\" data-element_type=\"column\" data-e-type=\"column\">\n\t\t\t<div class=\"elementor-widget-wrap elementor-element-populated\">\n\t\t\t\t\t\t<div class=\"elementor-element elementor-element-3255b3a elementor-widget elementor-widget-shortcode\" data-id=\"3255b3a\" data-element_type=\"widget\" data-e-type=\"widget\" data-widget_type=\"shortcode.default\">\n\t\t\t\t\t\t\t<div class=\"elementor-shortcode\"><\/div>\n\t\t\t\t\t\t<\/div>\n\t\t\t\t\t<\/div>\n\t\t<\/div>\n\t\t\t\t\t<\/div>\n\t\t<\/section>\n\t\t\t\t<\/div>\n\t\t","protected":false},"excerpt":{"rendered":"<p>Aquest \u00e9s lloc on trobar tots els fitxers descarregables com les instruccions per jugar, cat\u00e0legs&#8230;<\/p>\n","protected":false},"author":1,"featured_media":0,"parent":0,"menu_order":0,"comment_status":"closed","ping_status":"closed","template":"","meta":{"footnotes":""},"class_list":["post-8046","page","type-page","status-publish","hentry"],"acf":[],"yoast_head":"<!-- This site is optimized with the Yoast SEO plugin v27.4 - https:\/\/yoast.com\/product\/yoast-seo-wordpress\/ -->\n<title>Desc\u00e0rregues - Grapat<\/title>\n<meta name=\"robots\" content=\"index, follow, max-snippet:-1, max-image-preview:large, max-video-preview:-1\" \/>\n<link rel=\"canonical\" href=\"https:\/\/www.grapat.eu\/ca\/descarregues\/\" \/>\n<meta property=\"og:locale\" content=\"ca_ES\" \/>\n<meta property=\"og:type\" content=\"article\" \/>\n<meta property=\"og:title\" content=\"Desc\u00e0rregues - Grapat\" \/>\n<meta property=\"og:description\" content=\"Aquest \u00e9s lloc on trobar tots els fitxers descarregables com les instruccions per jugar, cat\u00e0legs...\" \/>\n<meta property=\"og:url\" content=\"https:\/\/www.grapat.eu\/ca\/descarregues\/\" \/>\n<meta property=\"og:site_name\" content=\"Grapat\" \/>\n<meta property=\"article:modified_time\" content=\"2022-09-20T14:38:56+00:00\" \/>\n<meta property=\"og:image\" content=\"https:\/\/www.grapat.eu\/app\/uploads\/2022\/07\/downloads.svg\" \/>\n<meta name=\"twitter:card\" content=\"summary_large_image\" \/>\n<meta name=\"twitter:label1\" content=\"Temps estimat de lectura\" \/>\n\t<meta name=\"twitter:data1\" content=\"1 minut\" \/>\n<script type=\"application\/ld+json\" class=\"yoast-schema-graph\">{\"@context\":\"https:\\\/\\\/schema.org\",\"@graph\":[{\"@type\":\"WebPage\",\"@id\":\"https:\\\/\\\/www.grapat.eu\\\/ca\\\/descarregues\\\/\",\"url\":\"https:\\\/\\\/www.grapat.eu\\\/ca\\\/descarregues\\\/\",\"name\":\"Desc\u00e0rregues - Grapat\",\"isPartOf\":{\"@id\":\"https:\\\/\\\/www.grapat.eu\\\/ca\\\/#website\"},\"primaryImageOfPage\":{\"@id\":\"https:\\\/\\\/www.grapat.eu\\\/ca\\\/descarregues\\\/#primaryimage\"},\"image\":{\"@id\":\"https:\\\/\\\/www.grapat.eu\\\/ca\\\/descarregues\\\/#primaryimage\"},\"thumbnailUrl\":\"https:\\\/\\\/www.grapat.eu\\\/app\\\/uploads\\\/2022\\\/07\\\/downloads.svg\",\"datePublished\":\"2022-03-29T14:30:35+00:00\",\"dateModified\":\"2022-09-20T14:38:56+00:00\",\"inLanguage\":\"ca\",\"potentialAction\":[{\"@type\":\"ReadAction\",\"target\":[\"https:\\\/\\\/www.grapat.eu\\\/ca\\\/descarregues\\\/\"]}]},{\"@type\":\"ImageObject\",\"inLanguage\":\"ca\",\"@id\":\"https:\\\/\\\/www.grapat.eu\\\/ca\\\/descarregues\\\/#primaryimage\",\"url\":\"https:\\\/\\\/www.grapat.eu\\\/app\\\/uploads\\\/2022\\\/07\\\/downloads.svg\",\"contentUrl\":\"https:\\\/\\\/www.grapat.eu\\\/app\\\/uploads\\\/2022\\\/07\\\/downloads.svg\"},{\"@type\":\"WebSite\",\"@id\":\"https:\\\/\\\/www.grapat.eu\\\/ca\\\/#website\",\"url\":\"https:\\\/\\\/www.grapat.eu\\\/ca\\\/\",\"name\":\"Grapat\",\"description\":\"Joguines\",\"potentialAction\":[{\"@type\":\"SearchAction\",\"target\":{\"@type\":\"EntryPoint\",\"urlTemplate\":\"https:\\\/\\\/www.grapat.eu\\\/ca\\\/?s={search_term_string}\"},\"query-input\":{\"@type\":\"PropertyValueSpecification\",\"valueRequired\":true,\"valueName\":\"search_term_string\"}}],\"inLanguage\":\"ca\"}]}<\/script>\n<!-- \/ Yoast SEO plugin. -->","yoast_head_json":{"title":"Desc\u00e0rregues - Grapat","robots":{"index":"index","follow":"follow","max-snippet":"max-snippet:-1","max-image-preview":"max-image-preview:large","max-video-preview":"max-video-preview:-1"},"canonical":"https:\/\/www.grapat.eu\/ca\/descarregues\/","og_locale":"ca_ES","og_type":"article","og_title":"Desc\u00e0rregues - Grapat","og_description":"Aquest \u00e9s lloc on trobar tots els fitxers descarregables com les instruccions per jugar, cat\u00e0legs...","og_url":"https:\/\/www.grapat.eu\/ca\/descarregues\/","og_site_name":"Grapat","article_modified_time":"2022-09-20T14:38:56+00:00","og_image":[{"url":"https:\/\/www.grapat.eu\/app\/uploads\/2022\/07\/downloads.svg","type":"","width":"","height":""}],"twitter_card":"summary_large_image","twitter_misc":{"Temps estimat de lectura":"1 minut"},"schema":{"@context":"https:\/\/schema.org","@graph":[{"@type":"WebPage","@id":"https:\/\/www.grapat.eu\/ca\/descarregues\/","url":"https:\/\/www.grapat.eu\/ca\/descarregues\/","name":"Desc\u00e0rregues - Grapat","isPartOf":{"@id":"https:\/\/www.grapat.eu\/ca\/#website"},"primaryImageOfPage":{"@id":"https:\/\/www.grapat.eu\/ca\/descarregues\/#primaryimage"},"image":{"@id":"https:\/\/www.grapat.eu\/ca\/descarregues\/#primaryimage"},"thumbnailUrl":"https:\/\/www.grapat.eu\/app\/uploads\/2022\/07\/downloads.svg","datePublished":"2022-03-29T14:30:35+00:00","dateModified":"2022-09-20T14:38:56+00:00","inLanguage":"ca","potentialAction":[{"@type":"ReadAction","target":["https:\/\/www.grapat.eu\/ca\/descarregues\/"]}]},{"@type":"ImageObject","inLanguage":"ca","@id":"https:\/\/www.grapat.eu\/ca\/descarregues\/#primaryimage","url":"https:\/\/www.grapat.eu\/app\/uploads\/2022\/07\/downloads.svg","contentUrl":"https:\/\/www.grapat.eu\/app\/uploads\/2022\/07\/downloads.svg"},{"@type":"WebSite","@id":"https:\/\/www.grapat.eu\/ca\/#website","url":"https:\/\/www.grapat.eu\/ca\/","name":"Grapat","description":"Joguines","potentialAction":[{"@type":"SearchAction","target":{"@type":"EntryPoint","urlTemplate":"https:\/\/www.grapat.eu\/ca\/?s={search_term_string}"},"query-input":{"@type":"PropertyValueSpecification","valueRequired":true,"valueName":"search_term_string"}}],"inLanguage":"ca"}]}},"_links":{"self":[{"href":"https:\/\/www.grapat.eu\/ca\/wp-json\/wp\/v2\/pages\/8046","targetHints":{"allow":["GET"]}}],"collection":[{"href":"https:\/\/www.grapat.eu\/ca\/wp-json\/wp\/v2\/pages"}],"about":[{"href":"https:\/\/www.grapat.eu\/ca\/wp-json\/wp\/v2\/types\/page"}],"author":[{"embeddable":true,"href":"https:\/\/www.grapat.eu\/ca\/wp-json\/wp\/v2\/users\/1"}],"replies":[{"embeddable":true,"href":"https:\/\/www.grapat.eu\/ca\/wp-json\/wp\/v2\/comments?post=8046"}],"version-history":[{"count":7,"href":"https:\/\/www.grapat.eu\/ca\/wp-json\/wp\/v2\/pages\/8046\/revisions"}],"predecessor-version":[{"id":8800,"href":"https:\/\/www.grapat.eu\/ca\/wp-json\/wp\/v2\/pages\/8046\/revisions\/8800"}],"wp:attachment":[{"href":"https:\/\/www.grapat.eu\/ca\/wp-json\/wp\/v2\/media?parent=8046"}],"curies":[{"name":"wp","href":"https:\/\/api.w.org\/{rel}","templated":true}]}}