{"id":7991,"date":"2022-06-28T06:52:19","date_gmt":"2022-06-28T06:52:19","guid":{"rendered":"https:\/\/www.grapat.eu\/?page_id=7991"},"modified":"2022-07-13T08:10:14","modified_gmt":"2022-07-13T08:10:14","slug":"politica-de-privacitat","status":"publish","type":"page","link":"https:\/\/www.grapat.eu\/ca\/politica-de-privacitat\/","title":{"rendered":"Pol\u00edtica de privacitat"},"content":{"rendered":"\t\t<div data-elementor-type=\"wp-page\" data-elementor-id=\"7991\" class=\"elementor elementor-7991 elementor-7650\">\n\t\t\t\t\t\t<section class=\"elementor-section elementor-top-section elementor-element elementor-element-711b94c2 elementor-section-boxed elementor-section-height-default elementor-section-height-default\" data-id=\"711b94c2\" data-element_type=\"section\" data-e-type=\"section\">\n\t\t\t\t\t\t<div class=\"elementor-container elementor-column-gap-default\">\n\t\t\t\t\t<div class=\"elementor-column elementor-col-100 elementor-top-column elementor-element elementor-element-3f9d0b6a\" data-id=\"3f9d0b6a\" data-element_type=\"column\" data-e-type=\"column\">\n\t\t\t<div class=\"elementor-widget-wrap elementor-element-populated\">\n\t\t\t\t\t\t<div class=\"elementor-element elementor-element-7cc6196d elementor-widget elementor-widget-text-editor\" data-id=\"7cc6196d\" data-element_type=\"widget\" data-e-type=\"widget\" data-widget_type=\"text-editor.default\">\n\t\t\t\t\t\t\t\t\t<p><strong>RESPONSABLE DEL TRACTAMENT<\/strong><\/p><p><strong>Identitat: JOGUINES GRAPAT, SL (tamb\u00e9 el prestador)<\/strong><\/p><p><strong>NIF: B55290415 Adre\u00e7a: C\/Colon 75, 17761 Cabanes, Girona<\/strong><\/p><p><strong>Correu electr\u00f2nic: hola@grapat.eu<\/strong><\/p><p><strong>\u00a0<\/strong><\/p><p>JOGUINES GRAPAT, SL, com a responsable del Lloc web, de conformitat amb el que disposa el Reglament (UE) 2016\/679 de 27 d\u2019abril de 2016 (RGPD), la Llei Org\u00e0nica 3\/2018 de 5 de desembre (LOPDGDD) i dem\u00e9s normativa legal vigent en mat\u00e8ria de protecci\u00f3 de dades personals, i per la Llei 34\/2002, d\u201911 de juliol, de Serveis de la Societat de la Informaci\u00f3 i del Comer\u00e7 Electr\u00f2nic (LSSICE), l\u2019informa que t\u00e9 implementades les mesures de seguretat necess\u00e0ries, d\u2019\u00edndole t\u00e8cnica i organitzatives, per garantir i protegir la confidencialitat, integritat i disponibilitat de les dades introdu\u00efdes.<\/p><p>\u00a0<\/p><p><strong>FINALITAT DEL TRACTAMENT<\/strong><br \/>Les seves dades personals nom\u00e9s s\u2019utilitzaran per a les seg\u00fcents finalitats:<\/p><p>Realitzar les gestions comercials i administratives necess\u00e0ries amb els usuaris de la web;<br \/>Remetre les comunicacions comercials publicit\u00e0ries per email, fax, SMS, MMS, comunitats socials o qualsevol altre mitj\u00e0 electr\u00f2nic o f\u00edsic, en cas que l\u2019Usuari hagi consentit expressament a l\u2019enviament de comunicacions comercials per via electr\u00f2nica mitjan\u00e7ant la subscripci\u00f3 de la NEWSLETTER;<br \/>Respondre a les consultes i\/o proporcionar informacions requerides per l\u2019Usuari;<br \/>Respondre a les consultes i\/o proporcionar informacions requerides per l\u2019Usuari;<br \/>Utilitzar les seves dades per contactar-li, tant per via electr\u00f2nica com no electr\u00f2nica, per obtenir la seva opini\u00f3 sobre el servei prestat i,<br \/>Notificar-li canvis, desenvolupaments importants de la pol\u00edtica de privacitat, av\u00eds legal o pol\u00edtica de cookies.<br \/>Es realitzaran an\u00e0lisi de perfils i d\u2019usabilitat.<br \/>Les dades de clients i\/o prove\u00efdors seran tractats, dins de la relaci\u00f3 contractual que els vincula amb el responsable, en compliment de les obligacions administratives, fiscals, comptables i laborables que siguin necess\u00e0ries en virtut de la legislaci\u00f3 vigent.<br \/>Pot revocar a qualsevol moment el seu consentiment remetent un escrit amb l\u2019assumpte \u201cBaixa\u201d a hola@grapat.eu.<\/p><p>D\u2019acord amb la LSSICE, JOGUINES GRAPAT, SL no realitza pr\u00e0ctiques de SPAM, per tant, no envia correus comercials per e-mail que no hagin estat pr\u00e8viament sol\u00b7licitats o autoritzats per l\u2019Usuari. En conseq\u00fc\u00e8ncia, en totes les comunicacions que rebr\u00e0 del prestador, l\u2019usuari t\u00e9 la possibilitat de cancel\u00b7lar el seu consentiment expr\u00e9s per rebre les nostres comunicacions.<\/p><p>No tractarem les seves dades personals per a cap altra finalitat de les descrites llevat per obligaci\u00f3 legal o requeriment judicial.<\/p><p>\u00a0<\/p><p><strong>LEGITIMACI\u00d3 DEL TRACTAMENT<\/strong><br \/>La base legal per al tractament de les dades \u00e9s el seu consentiment atorgat per dur a terme les finalitats anteriorment descrites, que se sol\u00b7licitar\u00e0 al moment de marcat de la casella corresponent a l\u2019hora de recollir les seves dades.<\/p><p>El no facilitar les dades personals sol\u00b7licitades o el no acceptar la present pol\u00edtica de protecci\u00f3 de dades suposa la impossibilitat de subscriure\u2019s, registrar-se o rebre informaci\u00f3 dels productes i serveis del Prestador.<\/p><p>En els casos en qu\u00e8 existeixi una pr\u00e8via relaci\u00f3 contractual entre les parts, la legitimaci\u00f3 per al desenvolupament de les obligacions administratives, fiscals, comptables i laborals que siguin necess\u00e0ries en virtut de la legislaci\u00f3 vigent ser\u00e0 l\u2019exist\u00e8ncia pr\u00e8via de la relaci\u00f3 comercial establerta entre les parts.<\/p><p>\u00a0<\/p><p><strong>DESTINATARIS DE CESSIONS O TRANSFER\u00c8NCIES<\/strong><br \/>JOGUINES GRAPAT, SL no duu a terme cap cessi\u00f3 o comunicaci\u00f3 de dades a tercers tret que existeixi necessitat raonable per complir amb un procediment judicial, obligaci\u00f3 legal o pr\u00e8via obtenci\u00f3 del consentiment de l\u2019usuari.<\/p><p>Tampoc es realitzaran transfer\u00e8ncies internacionals de les seves dades de car\u00e0cter personal sense el seu consentiment previ sense perjudici de poder bloquejar o cancel\u00b7lar el seu compte si pot haver-hi indicis de la comissi\u00f3 d\u2019algun delicte per part de l\u2019usuari. La informaci\u00f3 facilitada ser\u00e0 solament la que disposi en aquest moment el prestador.<\/p><p>\u00a0<\/p><p><strong>COMUNICACIONS<\/strong><br \/>Qualsevol comunicaci\u00f3 remesa quedar\u00e0 incorporada als sistemes d\u2019informaci\u00f3 de JOGUINES GRAPAT, SL En acceptar les presents condicions, termes i pol\u00edtiques, l\u2019Usuari consent expressament al fet que JOGUINES GRAPAT, SL realitzi les seg\u00fcents activitats i\/o accions, tret que l\u2019Usuari indiqui el contrari:<\/p><p>L\u2019enviament de comunicacions comercials i\/o promocionals per qualsevol mitj\u00e0 habilitat informant els Usuaris de les activitats, serveis, promocions, publicitat, not\u00edcies, ofertes i altra informaci\u00f3 sobre els serveis i productes relacionats amb l\u2019activitat.<br \/>En cas que l\u2019Usuari hagi consentit expressament a l\u2019enviament de comunicacions comercials per via electr\u00f2nica mitjan\u00e7ant la subscripci\u00f3 de la NEWSLETTER, l\u2019enviament d\u2019aquestes comunicacions per mitjans electr\u00f2nics informant els Usuaris de les activitats, serveis, promocions, publicitat, not\u00edcies, ofertes i altra informaci\u00f3 sobre els serveis i productes de JOGUINES GRAPAT, SL iguals o similars als quals van anar inicialment objecte de contractaci\u00f3 o d\u2019inter\u00e8s per l\u2019Usuari.<br \/>La conservaci\u00f3 de les dades durant els terminis previstos en les disposicions aplicables.<\/p><p>\u00a0<\/p><p><strong>DRETS DE LES PERSONES INTERESSADES<\/strong><br \/>Com a usuari-interessat, pot sol\u00b7licitar l\u2019exercici dels seg\u00fcents drets davant JOGUINES GRAPAT, SL presentant un escrit a l\u2019adre\u00e7a postal de l\u2019encap\u00e7alament o enviant un correu electr\u00f2nic a hola@grapat.eu, indicant com a Assumpte: \u201cPROTECCI\u00d3 DE DADES: DRETS AFECTATS\u201d, i adjuntant fotoc\u00f2pia del seu DNI o qualsevol mitj\u00e0 an\u00e0leg en dret, tal com indica la llei.<\/p><p>Drets:<\/p><p>Dret d\u2019acc\u00e9s: permet a l\u2019interessat con\u00e8ixer i obtenir informaci\u00f3 sobre les seves dades de car\u00e0cter personal sotmesos a tractament.<br \/>Dret de rectificaci\u00f3 o supressi\u00f3: permet corregir errors i modificar les dades que resultin ser inexactes o incomplets.<br \/>Dret de cancel\u00b7laci\u00f3: permet que se suprimeixin les dades que resultin ser inadequats o excessius.<br \/>Dret d\u2019oposici\u00f3: dret de l\u2019interessat al fet que no es dugui a terme el tractament de les seves dades de car\u00e0cter personal o se cessi en el mateix.<br \/>Limitaci\u00f3 del tractament: comporta el marcat de les dades personals conservades, amb la finalitat de limitar el seu futur tractament.<br \/>Portabilitat de les dades: facilitaci\u00f3 de les dades objecto de tractament a l\u2019interessat, a fi que aquest pugui transmetre\u2019ls a un altre responsable, sense impediments.<br \/>Dret a no ser objecte de decisions individuals automatitzades (inclosa l\u2019elaboraci\u00f3 de perfils): dret a no ser objecte d\u2019una decisi\u00f3 basada en el tractament automatitzat que produeixi efectes o afecti significativament.<br \/>Com a usuari, t\u00e9 dret a retirar el consentiment prestat a qualsevol moment. La retirada del consentiment no afectar\u00e0 la licitud del tractament efectuat abans de la retirada del consentiment.<\/p><p>Tamb\u00e9 t\u00e9 dret a presentar una reclamaci\u00f3 davant l\u2019autoritat de control si considera que poden haver-se vist vulnerats els seus drets en relaci\u00f3 amb la protecci\u00f3 de les seves dades (agpd.es).<\/p><p>\u00a0<\/p><p><strong>CONSERVACI\u00d3 DE LES SEVES DADES<\/strong><br \/>Les seves dades es conservaran mentre duri la relaci\u00f3 comercial amb nosaltres o exerciti el seu dret de cancel\u00b7laci\u00f3 o oposici\u00f3, o limitaci\u00f3 al tractament. No obstant aix\u00f2, conservarem determinats dades personals identificatives i del tr\u00e0fic durant el termini m\u00e0xim de 2 anys per al cas que fos requerit pels Jutges i Tribunals o per incoar accions internes derivades de l\u2019\u00fas indegut de la p\u00e0gina web.<\/p><p>No ser\u00e0 objecte de decisions basades en tractaments automatitzats que produeixin efectes sobre les seves dades.<\/p><p>\u00a0<\/p><h3>INFORMACI\u00d3 ADDICIONAL<\/h3><p><strong>INFORMACI\u00d3 QUE RECAPTEM:<\/strong><\/p><p>Les dades recollides per part del responsable s\u00f3n els seg\u00fcents:<\/p><p>Aquells que els usuaris subministrin a trav\u00e9s dels diferents serveis oferts a la p\u00e0gina web<br \/>Aquells inclosos en els diferents formularis previstos a la p\u00e0gina web<br \/>Dades recollides a trav\u00e9s de les \u201ccookies\u201d per a la millora de l\u2019experi\u00e8ncia de la navegaci\u00f3 segons s\u2019informa en la pol\u00edtica de cookies.<br \/>La negativa a subministrar les dades obligat\u00f2ries suposar\u00e0 la impossibilitat d\u2019atendre la concreta sol\u00b7licitud que es tracti. Vost\u00e8 manifesta que la informaci\u00f3 i les dades que ens facilita s\u00f3n exactes, actuals i veraces. Li preguem que en cas de modificaci\u00f3, comuniqui immediatament la mateixa a fi que la informaci\u00f3 en tractament estigui a tot moment actualitzada i no contingui errors.<\/p><p>Si contracta el servei\/compra el producte mitjan\u00e7ant la nostra p\u00e0gina web www.jugarijugar.com li sol\u00b7licitarem que ens proporcioni informaci\u00f3 sobre vost\u00e8, inclosos el seu nom, dades de contacte i informaci\u00f3 sobre una targeta de cr\u00e8dit o de d\u00e8bit.<\/p><p>A trav\u00e9s d\u2019aquesta Pol\u00edtica de Privacitat l\u2019informem que les fotografies que estiguin penjades a la web s\u00f3n propietat de JOGUINES GRAPAT, SL, incloent-hi les dels menors, en les quals, per a l\u2019obtenci\u00f3 d\u2019aquestes, s\u2019ha obtingut el consentiment previ dels pares, tutors o representants legals mitjan\u00e7ant la signatura dels formularis realitzats a aquest efecte pels centres en els quals els menors formen part. No obstant aix\u00f2, els pares, tutors o representants dels menors, com a titulars de l\u2019exercici dels drets d\u2019aquests, i sempre previ requeriment formal per escrit, poden indicar la negativa a l\u2019\u00fas de la imatge del menor; en aquest cas, la imatge es traur\u00e0 de la pagina web.<\/p><p>\u00a0<\/p><p><strong>XARXES SOCIALS<\/strong><br \/>L\u2019informem que JOGUINES GRAPAT, SL t\u00e9 pres\u00e8ncia a les xarxes socials. El tractament de les dades de les persones que es facin seguidores a les xarxes socials (i\/o realitzin qualsevol vincle o acci\u00f3 de connexi\u00f3 a trav\u00e9s de les xarxes socials) de les p\u00e0gines oficials de JOGUINES GRAPAT, SL es regir\u00e0 per aquest apartat, aix\u00ed com per aquelles condicions d\u2019\u00fas, pol\u00edtiques de privacitat i normatives d\u2019acc\u00e9s que pertanyin a la xarxa social que procedeixi en cada cas i acceptades pr\u00e8viament per l\u2019usuari.<\/p><p>JOGUINES GRAPAT, SL tractar\u00e0 les seves dades amb les finalitats d\u2019administrar correctament la seva pres\u00e8ncia a la xarxa social, informant-li d\u2019activitats, productes o serveis del prestador, aix\u00ed com per a qualsevol altra finalitat que les normatives de les Xarxes Socials permetin.<\/p><p>Queda prohibida la publicaci\u00f3 de continguts:<\/p><p>Que siguin presumptament il\u00b7l\u00edcits per la normativa nacional, comunit\u00e0ria o internacional o que realitzin activitats presumptament il\u00b7l\u00edcites o contravinguin els principis de la bona fe.<br \/>Que atemptin contra els drets fonamentals de les persones, faltin a la cortesia a la xarxa, molestin o puguin generar opinions negatives en els nostres usuaris o tercers i en general qualssevol siguin els continguts que JOGUINES GRAPAT, SL consideri inapropiats.<br \/>I en general que contravinguin els principis de legalitat, responsabilitat, protecci\u00f3 de la dignitat humana, protecci\u00f3 de menors, protecci\u00f3 de l\u2019ordre p\u00fablic, la protecci\u00f3 de la vida privada, la protecci\u00f3 del consumidor i els drets de propietat intel\u00b7lectual i industrial.<br \/>Aix\u00ed mateix, JOGUINES GRAPAT, SL es reserva la potestat de retirar, sense previ av\u00eds del lloc web o de la xarxa social corporativa aquells continguts que es considerin inadequats.<\/p><p>Les comunicacions remeses a trav\u00e9s de les xarxes socials seran incorporades a un arxiu propietat de JOGUINES GRAPAT, SL, podent-li enviar informaci\u00f3 del seu inter\u00e8s.<\/p><p>Pot accedir a m\u00e9s informaci\u00f3, aix\u00ed com consultar les empreses que formen part de JOGUINES GRAPAT, SL, mitjan\u00e7ant el seg\u00fcent enlla\u00e7: https:\/\/www.jugarijugar.com\/ca\/content\/29-avis-legal.<\/p><p>En tot cas, si V\u00e8. remet informaci\u00f3 personal a trav\u00e9s de la xarxa social, JOGUINES GRAPAT, SL quedar\u00e0 exempt de responsabilitat en relaci\u00f3 a les mesures de seguretat aplicables a la present plataforma, devent l\u2019usuari en cas de voler con\u00e8ixer-les, consultar les corresponents condicions particulars de la xarxa en q\u00fcesti\u00f3.<\/p><p>\u00a0<\/p><p><strong>MESURES DE SEGURETAT<\/strong><br \/>Les dades que ens faciliti es tractaran de forma confidencial. El Prestador ha adoptat totes les mesures t\u00e8cniques i organitzatives i tots els nivells de protecci\u00f3 necessaris per garantir la seguretat en el tractament de les dades i evitar la seva alteraci\u00f3, p\u00e8rdua, robatori, tractament o acc\u00e9s no autoritzat, d\u2019acord l\u2019estat de la tecnologia i naturalesa de les dades emmagatzemades. Aix\u00ed mateix, es garanteix tamb\u00e9 que el tractament i registre en fitxers, programes, sistemes o equips, locals i centres compleixen amb els requisits i condicions d\u2019integritat i seguretat establertes en la normativa vigent.<\/p><p>\u00a0<\/p><p><strong>IDIOMA<\/strong><br \/>L\u2019idioma aplicable a aquesta Pol\u00edtica de Privacitat \u00e9s l\u2019espanyol. Per tant, en cas que hi hagu\u00e9s alguna contradicci\u00f3 en alguna de les versions facilitades en altres idiomes, prevaldr\u00e0 la versi\u00f3 en espanyol.<\/p><p>\u00a0<\/p><p><strong>PUBLICACI\u00d3 DEL SEU TESTIMONI<\/strong><br \/>En el cas que l\u2019usuari vulgui publicar la seva opini\u00f3 a la web, l\u2019informem que les dades aportades seran tractats seran per atendre els suggeriments proposats, experi\u00e8ncies o opinions respecte dels productes i\/o serveis per ser publicades a la p\u00e0gina web i aix\u00ed poder ajudar a altres usuaris. Les dades es conservaran mentre hi hagi un inter\u00e8s mutu per mantenir la fi del tractament i quan ja no sigui necessari per a tal fi, se suprimiran amb mesures de seguretat adequades per garantir la destrucci\u00f3 total dels mateixos. Els testimonis es publicaran a la nostra p\u00e0gina web. L\u2019\u00fanica dada personal que es publicar\u00e0 del testimoni ser\u00e0 el seu nom.<\/p><p>\u00a0<\/p><p><strong>CANVIS EN LA PRESENT POL\u00cdTICA DE PRIVACITAT<\/strong><br \/>JOGUINES GRAPAT, SL es reserva el dret a modificar la present pol\u00edtica per adaptar-la a novetats legislatives o jurisprudencials.<\/p><p>\u00a0<\/p><p><strong>LEGISLACI\u00d3<\/strong><br \/>Amb car\u00e0cter general les relacions entre JOGUINES GRAPAT, SL amb els Usuaris dels seus serveis telem\u00e0tics, presents en aquesta Web, estan sotmesos a la legislaci\u00f3 i jurisdicci\u00f3 espanyola a la qual es sotmeten expressament les parts, essent competents per la resoluci\u00f3 de tots els conflictes derivats o relacionats amb el seu \u00fas els Jutjats i Tribunals de Girona.<\/p>\t\t\t\t\t\t\t\t<\/div>\n\t\t\t\t\t<\/div>\n\t\t<\/div>\n\t\t\t\t\t<\/div>\n\t\t<\/section>\n\t\t\t\t<\/div>\n\t\t","protected":false},"excerpt":{"rendered":"<p>RESPONSABLE DEL TRACTAMENT Identitat: JOGUINES GRAPAT, SL (tamb\u00e9 el prestador) NIF: B55290415 Adre\u00e7a: C\/Colon 75,&#8230;<\/p>\n","protected":false},"author":1,"featured_media":0,"parent":0,"menu_order":0,"comment_status":"closed","ping_status":"closed","template":"","meta":{"footnotes":""},"class_list":["post-7991","page","type-page","status-publish","hentry"],"acf":[],"yoast_head":"<!-- This site is optimized with the Yoast SEO plugin v27.4 - https:\/\/yoast.com\/product\/yoast-seo-wordpress\/ -->\n<title>Pol\u00edtica de privacitat - Grapat<\/title>\n<meta name=\"robots\" content=\"index, follow, max-snippet:-1, max-image-preview:large, max-video-preview:-1\" \/>\n<link rel=\"canonical\" href=\"https:\/\/www.grapat.eu\/ca\/politica-de-privacitat\/\" \/>\n<meta property=\"og:locale\" content=\"ca_ES\" \/>\n<meta property=\"og:type\" content=\"article\" \/>\n<meta property=\"og:title\" content=\"Pol\u00edtica de privacitat - Grapat\" \/>\n<meta property=\"og:description\" content=\"RESPONSABLE DEL TRACTAMENT Identitat: JOGUINES GRAPAT, SL (tamb\u00e9 el prestador) NIF: B55290415 Adre\u00e7a: C\/Colon 75,...\" \/>\n<meta property=\"og:url\" content=\"https:\/\/www.grapat.eu\/ca\/politica-de-privacitat\/\" \/>\n<meta property=\"og:site_name\" content=\"Grapat\" \/>\n<meta property=\"article:modified_time\" content=\"2022-07-13T08:10:14+00:00\" \/>\n<meta name=\"twitter:card\" content=\"summary_large_image\" \/>\n<meta name=\"twitter:label1\" content=\"Temps estimat de lectura\" \/>\n\t<meta name=\"twitter:data1\" content=\"12 minuts\" \/>\n<script type=\"application\/ld+json\" class=\"yoast-schema-graph\">{\"@context\":\"https:\\\/\\\/schema.org\",\"@graph\":[{\"@type\":\"WebPage\",\"@id\":\"https:\\\/\\\/www.grapat.eu\\\/ca\\\/politica-de-privacitat\\\/\",\"url\":\"https:\\\/\\\/www.grapat.eu\\\/ca\\\/politica-de-privacitat\\\/\",\"name\":\"Pol\u00edtica de privacitat - Grapat\",\"isPartOf\":{\"@id\":\"https:\\\/\\\/www.grapat.eu\\\/ca\\\/#website\"},\"datePublished\":\"2022-06-28T06:52:19+00:00\",\"dateModified\":\"2022-07-13T08:10:14+00:00\",\"inLanguage\":\"ca\",\"potentialAction\":[{\"@type\":\"ReadAction\",\"target\":[\"https:\\\/\\\/www.grapat.eu\\\/ca\\\/politica-de-privacitat\\\/\"]}]},{\"@type\":\"WebSite\",\"@id\":\"https:\\\/\\\/www.grapat.eu\\\/ca\\\/#website\",\"url\":\"https:\\\/\\\/www.grapat.eu\\\/ca\\\/\",\"name\":\"Grapat\",\"description\":\"Joguines\",\"potentialAction\":[{\"@type\":\"SearchAction\",\"target\":{\"@type\":\"EntryPoint\",\"urlTemplate\":\"https:\\\/\\\/www.grapat.eu\\\/ca\\\/?s={search_term_string}\"},\"query-input\":{\"@type\":\"PropertyValueSpecification\",\"valueRequired\":true,\"valueName\":\"search_term_string\"}}],\"inLanguage\":\"ca\"}]}<\/script>\n<!-- \/ Yoast SEO plugin. -->","yoast_head_json":{"title":"Pol\u00edtica de privacitat - Grapat","robots":{"index":"index","follow":"follow","max-snippet":"max-snippet:-1","max-image-preview":"max-image-preview:large","max-video-preview":"max-video-preview:-1"},"canonical":"https:\/\/www.grapat.eu\/ca\/politica-de-privacitat\/","og_locale":"ca_ES","og_type":"article","og_title":"Pol\u00edtica de privacitat - Grapat","og_description":"RESPONSABLE DEL TRACTAMENT Identitat: JOGUINES GRAPAT, SL (tamb\u00e9 el prestador) NIF: B55290415 Adre\u00e7a: C\/Colon 75,...","og_url":"https:\/\/www.grapat.eu\/ca\/politica-de-privacitat\/","og_site_name":"Grapat","article_modified_time":"2022-07-13T08:10:14+00:00","twitter_card":"summary_large_image","twitter_misc":{"Temps estimat de lectura":"12 minuts"},"schema":{"@context":"https:\/\/schema.org","@graph":[{"@type":"WebPage","@id":"https:\/\/www.grapat.eu\/ca\/politica-de-privacitat\/","url":"https:\/\/www.grapat.eu\/ca\/politica-de-privacitat\/","name":"Pol\u00edtica de privacitat - Grapat","isPartOf":{"@id":"https:\/\/www.grapat.eu\/ca\/#website"},"datePublished":"2022-06-28T06:52:19+00:00","dateModified":"2022-07-13T08:10:14+00:00","inLanguage":"ca","potentialAction":[{"@type":"ReadAction","target":["https:\/\/www.grapat.eu\/ca\/politica-de-privacitat\/"]}]},{"@type":"WebSite","@id":"https:\/\/www.grapat.eu\/ca\/#website","url":"https:\/\/www.grapat.eu\/ca\/","name":"Grapat","description":"Joguines","potentialAction":[{"@type":"SearchAction","target":{"@type":"EntryPoint","urlTemplate":"https:\/\/www.grapat.eu\/ca\/?s={search_term_string}"},"query-input":{"@type":"PropertyValueSpecification","valueRequired":true,"valueName":"search_term_string"}}],"inLanguage":"ca"}]}},"_links":{"self":[{"href":"https:\/\/www.grapat.eu\/ca\/wp-json\/wp\/v2\/pages\/7991","targetHints":{"allow":["GET"]}}],"collection":[{"href":"https:\/\/www.grapat.eu\/ca\/wp-json\/wp\/v2\/pages"}],"about":[{"href":"https:\/\/www.grapat.eu\/ca\/wp-json\/wp\/v2\/types\/page"}],"author":[{"embeddable":true,"href":"https:\/\/www.grapat.eu\/ca\/wp-json\/wp\/v2\/users\/1"}],"replies":[{"embeddable":true,"href":"https:\/\/www.grapat.eu\/ca\/wp-json\/wp\/v2\/comments?post=7991"}],"version-history":[{"count":7,"href":"https:\/\/www.grapat.eu\/ca\/wp-json\/wp\/v2\/pages\/7991\/revisions"}],"predecessor-version":[{"id":7998,"href":"https:\/\/www.grapat.eu\/ca\/wp-json\/wp\/v2\/pages\/7991\/revisions\/7998"}],"wp:attachment":[{"href":"https:\/\/www.grapat.eu\/ca\/wp-json\/wp\/v2\/media?parent=7991"}],"curies":[{"name":"wp","href":"https:\/\/api.w.org\/{rel}","templated":true}]}}